{"id":12095,"date":"2023-03-22T19:18:52","date_gmt":"2023-03-22T18:18:52","guid":{"rendered":"https:\/\/tucanfeel.com\/planner\/"},"modified":"2023-06-02T08:59:58","modified_gmt":"2023-06-02T06:59:58","slug":"planner","status":"publish","type":"page","link":"https:\/\/tucanfeel.com\/en\/planner\/","title":{"rendered":"Planner"},"content":{"rendered":"<section class=\"l-section wpb_row us_custom_a78429e7 height_medium color_primary\"><div class=\"l-section-h i-cf\"><div class=\"g-cols vc_row via_grid cols_1 laptops-cols_inherit tablets-cols_inherit mobiles-cols_1 valign_middle type_default stacking_default\"><div class=\"wpb_column vc_column_container\"><div class=\"vc_column-inner\"><div class=\"g-cols wpb_row via_grid cols_2 laptops-cols_inherit tablets-cols_inherit mobiles-cols_1 valign_middle type_default stacking_default\" style=\"--gap:3rem;\"><div class=\"wpb_column vc_column_container\"><div class=\"vc_column-inner\"><h1 class=\"w-post-elm post_title entry-title color_link_inherit\">Planner<\/h1><div class=\"wpb_text_column\"><div class=\"wpb_wrapper\"><p>Por fin podemos presentaros nuestro planificador&#x1f4dd; \u00a1CREA UN PLAN GENIAL!&#x1f44c;&#x1f3fb;<\/p>\n<\/div><\/div><\/div><\/div><div class=\"wpb_column vc_column_container\"><div class=\"vc_column-inner\"><div class=\"w-video align_none ratio_16x9 has_iframe\"><div class=\"w-video-h\"><iframe title=\"Youtube video player\" src=\"\/\/www.youtube.com\/embed\/t193CcOCG3M?origin=https:\/\/tucanfeel.com\/en\/&controls=1\" allowfullscreen=\"1\" loading=\"lazy\"><\/iframe><\/div><div class=\"w-video-icon\" style=\"font-size:1.5rem;background:rgba(0,0,0,0.5);color:#fff\"><\/div><\/div><\/div><\/div><\/div><\/div><\/div><\/div><\/div><\/section><section class=\"l-section wpb_row height_medium full_height valign_top\"><div class=\"l-section-h i-cf\"><div class=\"g-cols vc_row via_grid cols_1 laptops-cols_inherit tablets-cols_inherit mobiles-cols_1 valign_middle type_default stacking_default\" style=\"--gap:1rem;\"><div class=\"wpb_column vc_column_container\"><div class=\"vc_column-inner\"><div class=\"g-cols wpb_row via_grid cols_1 laptops-cols_inherit tablets-cols_inherit mobiles-cols_1 valign_top type_default stacking_default\" style=\"--gap:3rem;\"><div class=\"wpb_column vc_column_container\"><div class=\"vc_column-inner\">[vc_empty_space]<div class=\"wpb_text_column\"><div class=\"wpb_wrapper\"><p>Por fin podemos presentaros nuestro planificador&#x1f4dd; <strong>\u00a1CREA UN PLAN GENIAL!<\/strong>&#x1f44c;&#x1f3fb;<\/p>\n<p>Esto no es una agenda cualquiera es un <strong>PLANIFICADOR<\/strong> que incluye los mejores m\u00e9todos demostrados por expertos para ser m\u00e1s eficaces en la gesti\u00f3n de nuestro tiempo.<\/p>\n<p>Adem\u00e1s, incluye herramientas exclusivas creadas por <strong>Mike y Cris<\/strong> para vosotros, para que planifiqu\u00e9is vuestro \u00e9xito, consiguiendo el equilibrio en todas las \u00e1reas de vuestra vida:<\/p>\n<p>&#x1f4cc; El poder de las afirmaciones positivas.<br \/>\n&#x1f4cc; La rueda de la vida.<br \/>\n&#x1f4cc; Rueda de los valores.<br \/>\n&#x1f4cc; Prop\u00f3sito y visi\u00f3n de vida.<br \/>\n&#x1f4cc; Lista de deseos y sue\u00f1os.<br \/>\n&#x1f4cc; Objetivos y valores a 6 meses.<br \/>\n&#x1f4cc; Planificaci\u00f3n semanal y seguimiento.<br \/>\n&#x1f4cc; Frases motivadoras.<br \/>\n&#x1f4cc; Revisi\u00f3n semanal con aprendizajes y objetivos cumplidos.<br \/>\n&#x1f4cc; Rueda emocional.<\/p>\n<p style=\"text-align: center;\"><strong>&#x203c;&#xfe0f;Si quieres ser de los que consiguen su prop\u00f3sito, este planificador es tu herramienta&#x203c;&#xfe0f;<\/strong><br \/>\nA continuaci\u00f3n de te dejamos un video explicativo para que sepas c\u00f3mo cumplimentarlo.<br \/>\nSi tienes cualquier duda cont\u00e1ctanos a <strong><a href=\"mailto:info@tucanfeel.com\">info@tucanfeel.com<\/a><\/strong><\/p>\n<p><center><div style=\"width: 450px;\" class=\"wp-video\"><video class=\"wp-video-shortcode\" id=\"video-12095-1\" width=\"450\" height=\"450\" preload=\"metadata\" controls=\"controls\"><source type=\"video\/mp4\" src=\"https:\/\/tucanfeel.com\/wp-content\/uploads\/2023\/03\/Visit-our-Website-online-video-cutter.com_.mp4?_=1\" \/><a href=\"https:\/\/tucanfeel.com\/wp-content\/uploads\/2023\/03\/Visit-our-Website-online-video-cutter.com_.mp4\">https:\/\/tucanfeel.com\/wp-content\/uploads\/2023\/03\/Visit-our-Website-online-video-cutter.com_.mp4<\/a><\/video><\/div>\n<p>&nbsp;<\/p>\n<p>&nbsp;<\/p>\n<p><\/center><\/p>\n<\/div><\/div><\/div><\/div><\/div><div class=\"g-cols wpb_row via_grid cols_3 laptops-cols_inherit tablets-cols_inherit mobiles-cols_1 valign_top type_default stacking_default\" style=\"--gap:3rem;\"><div class=\"wpb_column vc_column_container\"><div class=\"vc_column-inner\"><\/div><\/div><div class=\"wpb_column vc_column_container\"><div class=\"vc_column-inner\"><div class=\"w-btn-wrapper align_center\"><a class=\"w-btn us-btn-style_6\" href=\"https:\/\/tucanfeel.com\/en\/checkout\/?add-to-cart=11708\"><span class=\"w-btn-label\">Buy your planner here!<\/span><\/a><\/div><\/div><\/div><div class=\"wpb_column vc_column_container\"><div class=\"vc_column-inner\"><\/div><\/div><\/div>[vc_empty_space height=&#8221;64px&#8221;]<\/div><\/div><\/div><\/div><\/section>\n","protected":false},"excerpt":{"rendered":"PlannerPor fin podemos presentaros nuestro planificador&#x1f4dd; \u00a1CREA UN PLAN GENIAL!&#x1f44c;&#x1f3fb; [vc_empty_space]Por fin podemos presentaros nuestro planificador&#x1f4dd; \u00a1CREA UN PLAN GENIAL!&#x1f44c;&#x1f3fb; Esto no es una agenda cualquiera es un PLANIFICADOR que incluye los mejores m\u00e9todos demostrados por expertos para ser m\u00e1s eficaces en la gesti\u00f3n de nuestro tiempo. Adem\u00e1s, incluye herramientas exclusivas creadas por Mike y...","protected":false},"author":1,"featured_media":12024,"parent":0,"menu_order":0,"comment_status":"closed","ping_status":"closed","template":"","meta":{"_acf_changed":false,"inline_featured_image":false,"_glsr_average":0,"_glsr_ranking":0,"_glsr_reviews":0,"footnotes":""},"class_list":["post-12095","page","type-page","status-publish","has-post-thumbnail","hentry"],"acf":[],"yoast_head":"<!-- This site is optimized with the Yoast SEO plugin v27.2 - https:\/\/yoast.com\/product\/yoast-seo-wordpress\/ -->\n<title>Planner - TuCan Feel TuCan Feel.<\/title>\n<meta name=\"description\" content=\"Total immersion for more than 8 hours- Outdoor dynamics- Completely private enclosure- Surrounded by nature...\" \/>\n<meta name=\"robots\" content=\"index, follow, max-snippet:-1, max-image-preview:large, max-video-preview:-1\" \/>\n<link rel=\"canonical\" href=\"https:\/\/tucanfeel.com\/en\/planner\/\" \/>\n<meta property=\"og:locale\" content=\"en_US\" \/>\n<meta property=\"og:type\" content=\"article\" \/>\n<meta property=\"og:title\" content=\"Planner - TuCan Feel TuCan Feel.\" \/>\n<meta property=\"og:description\" content=\"Total immersion for more than 8 hours- Outdoor dynamics- Completely private enclosure- Surrounded by nature...\" \/>\n<meta property=\"og:url\" content=\"https:\/\/tucanfeel.com\/en\/planner\/\" \/>\n<meta property=\"og:site_name\" content=\"TuCan Feel\" \/>\n<meta property=\"article:modified_time\" content=\"2023-06-02T06:59:58+00:00\" \/>\n<meta property=\"og:image\" content=\"https:\/\/tucanfeel.com\/wp-content\/uploads\/2023\/03\/2023-03-22-4.png\" \/>\n\t<meta property=\"og:image:width\" content=\"967\" \/>\n\t<meta property=\"og:image:height\" content=\"1002\" \/>\n\t<meta property=\"og:image:type\" content=\"image\/png\" \/>\n<meta name=\"twitter:card\" content=\"summary_large_image\" \/>\n<meta name=\"twitter:label1\" content=\"Est. reading time\" \/>\n\t<meta name=\"twitter:data1\" content=\"2 minutes\" \/>\n<script type=\"application\/ld+json\" class=\"yoast-schema-graph\">{\"@context\":\"https:\/\/schema.org\",\"@graph\":[{\"@type\":\"WebPage\",\"@id\":\"https:\/\/tucanfeel.com\/en\/planner\/\",\"url\":\"https:\/\/tucanfeel.com\/en\/planner\/\",\"name\":\"Planner - TuCan Feel TuCan Feel.\",\"isPartOf\":{\"@id\":\"https:\/\/tucanfeel.com\/en\/#website\"},\"primaryImageOfPage\":{\"@id\":\"https:\/\/tucanfeel.com\/en\/planner\/#primaryimage\"},\"image\":{\"@id\":\"https:\/\/tucanfeel.com\/en\/planner\/#primaryimage\"},\"thumbnailUrl\":\"https:\/\/tucanfeel.com\/wp-content\/uploads\/2023\/03\/2023-03-22-4.png\",\"datePublished\":\"2023-03-22T18:18:52+00:00\",\"dateModified\":\"2023-06-02T06:59:58+00:00\",\"description\":\"Total immersion for more than 8 hours- Outdoor dynamics- Completely private enclosure- Surrounded by nature...\",\"breadcrumb\":{\"@id\":\"https:\/\/tucanfeel.com\/en\/planner\/#breadcrumb\"},\"inLanguage\":\"en-US\",\"potentialAction\":[{\"@type\":\"ReadAction\",\"target\":[\"https:\/\/tucanfeel.com\/en\/planner\/\"]}]},{\"@type\":\"ImageObject\",\"inLanguage\":\"en-US\",\"@id\":\"https:\/\/tucanfeel.com\/en\/planner\/#primaryimage\",\"url\":\"https:\/\/tucanfeel.com\/wp-content\/uploads\/2023\/03\/2023-03-22-4.png\",\"contentUrl\":\"https:\/\/tucanfeel.com\/wp-content\/uploads\/2023\/03\/2023-03-22-4.png\",\"width\":967,\"height\":1002},{\"@type\":\"BreadcrumbList\",\"@id\":\"https:\/\/tucanfeel.com\/en\/planner\/#breadcrumb\",\"itemListElement\":[{\"@type\":\"ListItem\",\"position\":1,\"name\":\"Portada\",\"item\":\"https:\/\/tucanfeel.com\/en\/home\/\"},{\"@type\":\"ListItem\",\"position\":2,\"name\":\"Planner\"}]},{\"@type\":\"WebSite\",\"@id\":\"https:\/\/tucanfeel.com\/en\/#website\",\"url\":\"https:\/\/tucanfeel.com\/en\/\",\"name\":\"TuCan Feel\",\"description\":\"Consultor\u00eda y Formaci\u00f3n\",\"publisher\":{\"@id\":\"https:\/\/tucanfeel.com\/en\/#organization\"},\"potentialAction\":[{\"@type\":\"SearchAction\",\"target\":{\"@type\":\"EntryPoint\",\"urlTemplate\":\"https:\/\/tucanfeel.com\/en\/?s={search_term_string}\"},\"query-input\":{\"@type\":\"PropertyValueSpecification\",\"valueRequired\":true,\"valueName\":\"search_term_string\"}}],\"inLanguage\":\"en-US\"},{\"@type\":\"Organization\",\"@id\":\"https:\/\/tucanfeel.com\/en\/#organization\",\"name\":\"TuCan Feel\",\"url\":\"https:\/\/tucanfeel.com\/en\/\",\"logo\":{\"@type\":\"ImageObject\",\"inLanguage\":\"en-US\",\"@id\":\"https:\/\/tucanfeel.com\/en\/#\/schema\/logo\/image\/\",\"url\":\"https:\/\/tucanfeel.com\/wp-content\/uploads\/2018\/08\/logotipo-completo.svg\",\"contentUrl\":\"https:\/\/tucanfeel.com\/wp-content\/uploads\/2018\/08\/logotipo-completo.svg\",\"width\":360,\"height\":315,\"caption\":\"TuCan Feel\"},\"image\":{\"@id\":\"https:\/\/tucanfeel.com\/en\/#\/schema\/logo\/image\/\"}}]}<\/script>\n<!-- \/ Yoast SEO plugin. -->","yoast_head_json":{"title":"Planner - TuCan Feel TuCan Feel.","description":"Total immersion for more than 8 hours- Outdoor dynamics- Completely private enclosure- Surrounded by nature...","robots":{"index":"index","follow":"follow","max-snippet":"max-snippet:-1","max-image-preview":"max-image-preview:large","max-video-preview":"max-video-preview:-1"},"canonical":"https:\/\/tucanfeel.com\/en\/planner\/","og_locale":"en_US","og_type":"article","og_title":"Planner - TuCan Feel TuCan Feel.","og_description":"Total immersion for more than 8 hours- Outdoor dynamics- Completely private enclosure- Surrounded by nature...","og_url":"https:\/\/tucanfeel.com\/en\/planner\/","og_site_name":"TuCan Feel","article_modified_time":"2023-06-02T06:59:58+00:00","og_image":[{"width":967,"height":1002,"url":"https:\/\/tucanfeel.com\/wp-content\/uploads\/2023\/03\/2023-03-22-4.png","type":"image\/png"}],"twitter_card":"summary_large_image","twitter_misc":{"Est. reading time":"2 minutes"},"schema":{"@context":"https:\/\/schema.org","@graph":[{"@type":"WebPage","@id":"https:\/\/tucanfeel.com\/en\/planner\/","url":"https:\/\/tucanfeel.com\/en\/planner\/","name":"Planner - TuCan Feel TuCan Feel.","isPartOf":{"@id":"https:\/\/tucanfeel.com\/en\/#website"},"primaryImageOfPage":{"@id":"https:\/\/tucanfeel.com\/en\/planner\/#primaryimage"},"image":{"@id":"https:\/\/tucanfeel.com\/en\/planner\/#primaryimage"},"thumbnailUrl":"https:\/\/tucanfeel.com\/wp-content\/uploads\/2023\/03\/2023-03-22-4.png","datePublished":"2023-03-22T18:18:52+00:00","dateModified":"2023-06-02T06:59:58+00:00","description":"Total immersion for more than 8 hours- Outdoor dynamics- Completely private enclosure- Surrounded by nature...","breadcrumb":{"@id":"https:\/\/tucanfeel.com\/en\/planner\/#breadcrumb"},"inLanguage":"en-US","potentialAction":[{"@type":"ReadAction","target":["https:\/\/tucanfeel.com\/en\/planner\/"]}]},{"@type":"ImageObject","inLanguage":"en-US","@id":"https:\/\/tucanfeel.com\/en\/planner\/#primaryimage","url":"https:\/\/tucanfeel.com\/wp-content\/uploads\/2023\/03\/2023-03-22-4.png","contentUrl":"https:\/\/tucanfeel.com\/wp-content\/uploads\/2023\/03\/2023-03-22-4.png","width":967,"height":1002},{"@type":"BreadcrumbList","@id":"https:\/\/tucanfeel.com\/en\/planner\/#breadcrumb","itemListElement":[{"@type":"ListItem","position":1,"name":"Portada","item":"https:\/\/tucanfeel.com\/en\/home\/"},{"@type":"ListItem","position":2,"name":"Planner"}]},{"@type":"WebSite","@id":"https:\/\/tucanfeel.com\/en\/#website","url":"https:\/\/tucanfeel.com\/en\/","name":"TuCan Feel","description":"Consultor\u00eda y Formaci\u00f3n","publisher":{"@id":"https:\/\/tucanfeel.com\/en\/#organization"},"potentialAction":[{"@type":"SearchAction","target":{"@type":"EntryPoint","urlTemplate":"https:\/\/tucanfeel.com\/en\/?s={search_term_string}"},"query-input":{"@type":"PropertyValueSpecification","valueRequired":true,"valueName":"search_term_string"}}],"inLanguage":"en-US"},{"@type":"Organization","@id":"https:\/\/tucanfeel.com\/en\/#organization","name":"TuCan Feel","url":"https:\/\/tucanfeel.com\/en\/","logo":{"@type":"ImageObject","inLanguage":"en-US","@id":"https:\/\/tucanfeel.com\/en\/#\/schema\/logo\/image\/","url":"https:\/\/tucanfeel.com\/wp-content\/uploads\/2018\/08\/logotipo-completo.svg","contentUrl":"https:\/\/tucanfeel.com\/wp-content\/uploads\/2018\/08\/logotipo-completo.svg","width":360,"height":315,"caption":"TuCan Feel"},"image":{"@id":"https:\/\/tucanfeel.com\/en\/#\/schema\/logo\/image\/"}}]}},"_links":{"self":[{"href":"https:\/\/tucanfeel.com\/en\/wp-json\/wp\/v2\/pages\/12095","targetHints":{"allow":["GET"]}}],"collection":[{"href":"https:\/\/tucanfeel.com\/en\/wp-json\/wp\/v2\/pages"}],"about":[{"href":"https:\/\/tucanfeel.com\/en\/wp-json\/wp\/v2\/types\/page"}],"author":[{"embeddable":true,"href":"https:\/\/tucanfeel.com\/en\/wp-json\/wp\/v2\/users\/1"}],"replies":[{"embeddable":true,"href":"https:\/\/tucanfeel.com\/en\/wp-json\/wp\/v2\/comments?post=12095"}],"version-history":[{"count":1,"href":"https:\/\/tucanfeel.com\/en\/wp-json\/wp\/v2\/pages\/12095\/revisions"}],"predecessor-version":[{"id":12103,"href":"https:\/\/tucanfeel.com\/en\/wp-json\/wp\/v2\/pages\/12095\/revisions\/12103"}],"wp:featuredmedia":[{"embeddable":true,"href":"https:\/\/tucanfeel.com\/en\/wp-json\/wp\/v2\/media\/12024"}],"wp:attachment":[{"href":"https:\/\/tucanfeel.com\/en\/wp-json\/wp\/v2\/media?parent=12095"}],"curies":[{"name":"wp","href":"https:\/\/api.w.org\/{rel}","templated":true}]}}