{"id":12327,"date":"2023-07-10T16:05:57","date_gmt":"2023-07-10T14:05:57","guid":{"rendered":"https:\/\/tucanfeel.com\/education\/"},"modified":"2023-07-10T19:32:43","modified_gmt":"2023-07-10T17:32:43","slug":"education","status":"publish","type":"page","link":"https:\/\/tucanfeel.com\/en\/education\/","title":{"rendered":"Education"},"content":{"rendered":"<section class=\"l-section wpb_row height_auto\"><div class=\"l-section-h i-cf\"><div class=\"g-cols vc_row via_grid cols_1 laptops-cols_inherit tablets-cols_inherit mobiles-cols_1 valign_middle type_default stacking_default\" style=\"--gap:0rem;\"><div class=\"wpb_column vc_column_container\"><div class=\"vc_column-inner\"><div class=\"w-image us_custom_5e8a7298 align_center\"><div class=\"w-image-h\"><img loading=\"lazy\" decoding=\"async\" width=\"1920\" height=\"1080\" src=\"https:\/\/tucanfeel.com\/wp-content\/uploads\/2023\/07\/STOP-BULLYING.png\" class=\"attachment-full size-full\" alt=\"\" srcset=\"https:\/\/tucanfeel.com\/wp-content\/uploads\/2023\/07\/STOP-BULLYING.png 1920w, https:\/\/tucanfeel.com\/wp-content\/uploads\/2023\/07\/STOP-BULLYING-300x169.png 300w, https:\/\/tucanfeel.com\/wp-content\/uploads\/2023\/07\/STOP-BULLYING-1024x576.png 1024w, https:\/\/tucanfeel.com\/wp-content\/uploads\/2023\/07\/STOP-BULLYING-600x338.png 600w\" sizes=\"auto, (max-width: 1920px) 100vw, 1920px\" \/><\/div><\/div><div class=\"w-separator size_small\"><\/div><\/div><\/div><\/div><\/div><\/section><section class=\"l-section wpb_row height_auto color_alternate parallax_fixed\" id=\"services\"><div class=\"l-section-h i-cf\"><div class=\"g-cols vc_row via_grid cols_1 laptops-cols_inherit tablets-cols_inherit mobiles-cols_1 valign_top type_default stacking_default\" style=\"--gap:65px;\"><div class=\"wpb_column vc_column_container\"><div class=\"vc_column-inner\"><div class=\"w-separator size_medium\"><\/div><div class=\"wpb_text_column\"><div class=\"wpb_wrapper\"><h2>PROGRAMS FOR THE 2023-2024 ACADEMIC YEAR<\/h2>\n<\/div><\/div><div class=\"w-separator size_large\"><\/div><div class=\"g-cols wpb_row via_grid cols_3 laptops-cols_inherit tablets-cols_inherit mobiles-cols_1 valign_top type_default stacking_default\" style=\"--gap:3rem;\"><div class=\"wpb_column vc_column_container us_custom_6c0ee9e8 us_animate_this\"><div class=\"vc_column-inner\"><div class=\"w-iconbox iconpos_top style_default color_secondary align_left icontype_img\"><div class=\"w-iconbox-icon\" style=\"font-size:5rem;\"><img loading=\"lazy\" decoding=\"async\" width=\"347\" height=\"346\" src=\"https:\/\/tucanfeel.com\/wp-content\/uploads\/2023\/07\/MCB-KIDS-3-1.png\" class=\"attachment-full size-full\" alt=\"\" srcset=\"https:\/\/tucanfeel.com\/wp-content\/uploads\/2023\/07\/MCB-KIDS-3-1.png 347w, https:\/\/tucanfeel.com\/wp-content\/uploads\/2023\/07\/MCB-KIDS-3-1-300x300.png 300w, https:\/\/tucanfeel.com\/wp-content\/uploads\/2023\/07\/MCB-KIDS-3-1-150x150.png 150w\" sizes=\"auto, (max-width: 347px) 100vw, 347px\" \/><\/div><div class=\"w-iconbox-meta\"><h4 class=\"w-iconbox-title\">MINDFULNESS IN THE CLASSROOM<\/h4><div class=\"w-iconbox-text\"><p>GROW BREATHING Program<br \/>\n9 Sessions of 50&#8242;.<br \/>\nAimed at primary school students.<br \/>\nMain aspects: attention, emotions and kindness.<br \/>\nPrograma &#8220;LOS MAESTROS TAMBI\u00c9N MEDITAN&#8221;<br \/>\n4 sessions of 1.5h.<br \/>\nDirected to teachers.<br \/>\nMain aspects: Mindfulness, perception, emotions, communication.<\/p>\n<\/div><\/div><\/div><\/div><\/div><div class=\"wpb_column vc_column_container us_custom_8f2ba1f4 us_animate_this\"><div class=\"vc_column-inner\"><div class=\"w-iconbox iconpos_top style_default color_secondary align_left icontype_img\"><div class=\"w-iconbox-icon\" style=\"font-size:5rem;\"><img loading=\"lazy\" decoding=\"async\" width=\"347\" height=\"346\" src=\"https:\/\/tucanfeel.com\/wp-content\/uploads\/2023\/07\/MCB-KIDS-3-1.png\" class=\"attachment-full size-full\" alt=\"\" srcset=\"https:\/\/tucanfeel.com\/wp-content\/uploads\/2023\/07\/MCB-KIDS-3-1.png 347w, https:\/\/tucanfeel.com\/wp-content\/uploads\/2023\/07\/MCB-KIDS-3-1-300x300.png 300w, https:\/\/tucanfeel.com\/wp-content\/uploads\/2023\/07\/MCB-KIDS-3-1-150x150.png 150w\" sizes=\"auto, (max-width: 347px) 100vw, 347px\" \/><\/div><div class=\"w-iconbox-meta\"><h4 class=\"w-iconbox-title\">EQUALITY WORKSHOPS<\/h4><div class=\"w-iconbox-text\"><ul>\n<li>Cooking values.<\/li>\n<li>Equality in social networks..<\/li>\n<li>The leader of equality.<\/li>\n<li>Self-esteem and empathy.<\/li>\n<\/ul>\n<p>-Aimed at primary school students.<br \/>\n-Duration: 1h\/session.<\/p>\n<\/div><\/div><\/div><\/div><\/div><div class=\"wpb_column vc_column_container us_custom_8f2ba1f4 us_animate_this\"><div class=\"vc_column-inner\"><div class=\"w-iconbox iconpos_top style_default color_secondary align_left icontype_img\"><div class=\"w-iconbox-icon\" style=\"font-size:5rem;\"><img loading=\"lazy\" decoding=\"async\" width=\"347\" height=\"346\" src=\"https:\/\/tucanfeel.com\/wp-content\/uploads\/2023\/07\/MCB-KIDS-3-1.png\" class=\"attachment-full size-full\" alt=\"\" srcset=\"https:\/\/tucanfeel.com\/wp-content\/uploads\/2023\/07\/MCB-KIDS-3-1.png 347w, https:\/\/tucanfeel.com\/wp-content\/uploads\/2023\/07\/MCB-KIDS-3-1-300x300.png 300w, https:\/\/tucanfeel.com\/wp-content\/uploads\/2023\/07\/MCB-KIDS-3-1-150x150.png 150w\" sizes=\"auto, (max-width: 347px) 100vw, 347px\" \/><\/div><div class=\"w-iconbox-meta\"><h4 class=\"w-iconbox-title\">CONFERENCES FOR YOUTH<\/h4><div class=\"w-iconbox-text\"><ul>\n<li>How to make better decisions.<\/li>\n<li>Resetting the mind for success.<\/li>\n<li>Manage your time and reduce your stress.<\/li>\n<li>Young people with values.<\/li>\n<li>Creating new leaders.<\/li>\n<li>Self-motivation and energy.<\/li>\n<li>Minimizing the risk of addictions.<\/li>\n<li>E-Motion<\/li>\n<\/ul>\n<p>Aimed at ESO and Baccalaureate students<br \/>\nDuration: 1h<\/p>\n<\/div><\/div><\/div><\/div><\/div><\/div><div class=\"w-separator size_medium\"><\/div><div class=\"g-cols wpb_row via_grid cols_3 laptops-cols_inherit tablets-cols_inherit mobiles-cols_1 valign_top type_default stacking_default\" style=\"--gap:3rem;\"><div class=\"wpb_column vc_column_container us_custom_8f2ba1f4 us_animate_this\"><div class=\"vc_column-inner\"><div class=\"w-iconbox iconpos_top style_default color_secondary align_left icontype_img\"><div class=\"w-iconbox-icon\" style=\"font-size:5rem;\"><img loading=\"lazy\" decoding=\"async\" width=\"347\" height=\"346\" src=\"https:\/\/tucanfeel.com\/wp-content\/uploads\/2023\/07\/MCB-KIDS-3-1.png\" class=\"attachment-full size-full\" alt=\"\" srcset=\"https:\/\/tucanfeel.com\/wp-content\/uploads\/2023\/07\/MCB-KIDS-3-1.png 347w, https:\/\/tucanfeel.com\/wp-content\/uploads\/2023\/07\/MCB-KIDS-3-1-300x300.png 300w, https:\/\/tucanfeel.com\/wp-content\/uploads\/2023\/07\/MCB-KIDS-3-1-150x150.png 150w\" sizes=\"auto, (max-width: 347px) 100vw, 347px\" \/><\/div><div class=\"w-iconbox-meta\"><h4 class=\"w-iconbox-title\">MCB Program (Mindfulness, Coaching &amp; Well-being)<\/h4><div class=\"w-iconbox-text\"><p><strong>MCB FOR PARENTS<\/strong><\/p>\n<ol>\n<li>Mindfulness with family.<\/li>\n<li>Self-motivation for day to day.<\/li>\n<li>Educate in values.<\/li>\n<li>Emotional management.<\/li>\n<li>Reduces stress (time management).<\/li>\n<li>Learn to communicate.<\/li>\n<li>Eliminate your worries.<\/li>\n<li>Integration.<\/li>\n<\/ol>\n<\/div><\/div><\/div><\/div><\/div><div class=\"wpb_column vc_column_container us_custom_8f2ba1f4 us_animate_this\"><div class=\"vc_column-inner\"><div class=\"w-iconbox iconpos_top style_default color_secondary align_left icontype_img\"><div class=\"w-iconbox-icon\" style=\"font-size:5rem;\"><img loading=\"lazy\" decoding=\"async\" width=\"347\" height=\"346\" src=\"https:\/\/tucanfeel.com\/wp-content\/uploads\/2023\/07\/MCB-KIDS-3-1.png\" class=\"attachment-full size-full\" alt=\"\" srcset=\"https:\/\/tucanfeel.com\/wp-content\/uploads\/2023\/07\/MCB-KIDS-3-1.png 347w, https:\/\/tucanfeel.com\/wp-content\/uploads\/2023\/07\/MCB-KIDS-3-1-300x300.png 300w, https:\/\/tucanfeel.com\/wp-content\/uploads\/2023\/07\/MCB-KIDS-3-1-150x150.png 150w\" sizes=\"auto, (max-width: 347px) 100vw, 347px\" \/><\/div><div class=\"w-iconbox-meta\"><h4 class=\"w-iconbox-title\">MCB FOR TEACHERS<\/h4><div class=\"w-iconbox-text\"><ol>\n<li>Mindfulness in the classroom.<\/li>\n<li>Self-motivation and energy.<\/li>\n<li>Align your values.<\/li>\n<li>Emotional management.<\/li>\n<li>Reduces stress (time management).<\/li>\n<li>Efficient communication.<\/li>\n<li>Taking care Vs Worrying.<\/li>\n<li>Planificaci\u00f3n.<\/li>\n<\/ol>\n<p>Duration: 8 weekly sessions of 1.5h<\/p>\n<\/div><\/div><\/div><\/div><\/div><div class=\"wpb_column vc_column_container us_custom_8f2ba1f4 us_animate_this\"><div class=\"vc_column-inner\"><\/div><\/div><\/div><div class=\"w-separator size_small\"><\/div><div class=\"w-separator size_custom\" style=\"height:120px\"><\/div><\/div><\/div><\/div><\/div><\/section><section class=\"l-section wpb_row us_custom_7e4ccd20 height_auto\" id=\"information\"><div class=\"l-section-h i-cf\"><div class=\"g-cols vc_row via_grid cols_1 laptops-cols_inherit tablets-cols_inherit mobiles-cols_1 valign_middle type_default stacking_default\"><div class=\"wpb_column vc_column_container\"><div class=\"vc_column-inner\"><div class=\"g-cols wpb_row us_custom_5c1ebe51 has_text_color via_grid cols_2 laptops-cols_inherit tablets-cols_inherit mobiles-cols_1 valign_middle type_boxes stacking_default\" style=\"--gap:3rem;\"><div class=\"wpb_column vc_column_container\"><div class=\"vc_column-inner\"><div class=\"wpb_text_column us_custom_9419e5a4 has_text_color\"><div class=\"wpb_wrapper\"><h5>All programs can be done during school hours or as an extracurricular activity. Desc\u00e1rgate el cat\u00e1logo o p\u00eddenos informaci\u00f3n sin compromiso a <a href=\"mailto:info@tucanfee.com\" target=\"_blank\" rel=\"noopener\">info@tucanfee.com<\/a>, tambi\u00e9n puedes consultar desde este formulario.<\/h5>\n<\/div><\/div><div class=\"w-image align_none\"><div class=\"w-image-h\"><img loading=\"lazy\" decoding=\"async\" width=\"350\" height=\"350\" src=\"https:\/\/tucanfeel.com\/wp-content\/uploads\/2023\/07\/admin-ajax-350x350.png\" class=\"attachment-us_350_350_crop size-us_350_350_crop\" alt=\"\" srcset=\"https:\/\/tucanfeel.com\/wp-content\/uploads\/2023\/07\/admin-ajax-350x350.png 350w, https:\/\/tucanfeel.com\/wp-content\/uploads\/2023\/07\/admin-ajax-150x150.png 150w, https:\/\/tucanfeel.com\/wp-content\/uploads\/2023\/07\/admin-ajax-300x300.png 300w\" sizes=\"auto, (max-width: 350px) 100vw, 350px\" \/><\/div><\/div><\/div><\/div><div class=\"wpb_column vc_column_container\"><div class=\"vc_column-inner\"><form class=\"w-form  layout_ver for_cform us_form_1\" autocomplete=\"off\" action=\"https:\/\/tucanfeel.com\/en\/wp-json\/wp\/v2\/pages\/12327\" method=\"post\"><div class=\"w-form-h\"><div class=\"w-form-row for_text required\">\r\n\t\t<div class=\"w-form-row-field\">\r\n\t\t\t\t\t\t<input aria-label=\"Name\" type=\"text\" name=\"us_form_1_text_1\" value placeholder=\"Name *\" data-required=\"true\" aria-required=\"true\"\/>\r\n\t\t\t<\/div>\r\n\t\t<div class=\"w-form-row-state\">Fill out this field<\/div>\r\n<\/div>\r\n<div class=\"w-form-row for_text required cols_2\">\r\n\t\t<div class=\"w-form-row-field\">\r\n\t\t\t\t\t\t<input aria-label=\"Phone\" inputmode=\"tel\" type=\"text\" name=\"us_form_1_text_2\" value placeholder=\"Phone *\" data-required=\"true\" aria-required=\"true\"\/>\r\n\t\t\t<\/div>\r\n\t\t<div class=\"w-form-row-state\">Fill out this field<\/div>\r\n<\/div>\r\n<div class=\"w-form-row for_email required cols_2\">\r\n\t\t<div class=\"w-form-row-field\">\r\n\t\t\t\t\t\t<input aria-label=\"Email\" type=\"email\" name=\"us_form_1_email_1\" value placeholder=\"Email *\" data-required=\"true\" aria-required=\"true\"\/>\r\n\t\t\t<\/div>\r\n\t\t<div class=\"w-form-row-state\">Please enter a valid email address.<\/div>\r\n<\/div>\r\n<div class=\"w-form-row for_textarea required\">\r\n\t\t<div class=\"w-form-row-field\">\r\n\t\t\t\t\t\t<textarea aria-label=\"Your question\" name=\"us_form_1_textarea_1\" placeholder=\"Your question *\" data-required=\"true\" aria-required=\"true\"><\/textarea>\r\n\t\t\t<\/div>\r\n\t\t<div class=\"w-form-row-state\">Fill out this field<\/div>\r\n<\/div>\r\n<div class=\"w-form-row for_checkboxes required\">\r\n\t\t<div class=\"w-form-row-field\">\r\n\t\t\t\t\t<label>\r\n\t\t\t\t<input type=\"checkbox\" name=\"us_form_1_checkboxes_1[]\" data-required=\"true\" value=\"He le\u00eddo y acepto la &lt;a href=&quot;https:\/\/www.azimutgp.com\/politica-de-privacidad\/&quot; target=&quot;_blank&quot; rel=&quot;noopener noreferrer&quot;&gt;pol\u00edtica de privacidad&lt;\/a&gt;.\"\/>\r\n\t\t\t\t<span>He le\u00eddo y acepto la <a href=\"https:\/\/www.azimutgp.com\/politica-de-privacidad\/\" target=\"_blank\" rel=\"noopener noreferrer\">pol\u00edtica de privacidad<\/a>.<\/span>\r\n\t\t\t<\/label>\r\n\t\t\t\t<\/div>\r\n\t\t<div class=\"w-form-row-state\">Select an option<\/div>\r\n<\/div>\r\n<input type=\"hidden\" name=\"action\" value=\"us_ajax_cform\" \/>\r\n<input type=\"hidden\" name=\"post_id\" value=\"0\" \/>\r\n<input type=\"hidden\" name=\"form_index\" value=\"1\" \/>\r\n<div class=\"w-form-row for_submit align_none\">\r\n\t<button class=\"w-btn  us-btn-style_1\" aria-label=\"Request Information\" type=\"submit\">\r\n\t\t<span class=\"g-preloader type_1\"><\/span>\r\n\t\t\t\t<span class=\"w-btn-label\">Request Information<\/span>\r\n\t\t\t<\/button>\r\n\t<\/div>\r\n<\/div><div class=\"w-form-message\"><\/div><div class=\"w-form-json hidden\" onclick='return {&quot;ajaxurl&quot;:&quot;https:\\\/\\\/tucanfeel.com\\\/wp-admin\\\/admin-ajax.php&quot;,&quot;messages&quot;:{&quot;err_empty&quot;:&quot;Fill out this field&quot;,&quot;err_size&quot;:&quot;File size cannot exceed %s MB&quot;,&quot;err_extension&quot;:&quot;%s file type is not allowed&quot;}}'><\/div><\/form><\/div><\/div><\/div><\/div><\/div><\/div><\/div><\/section>\n","protected":false},"excerpt":{"rendered":"PROGRAMS FOR THE 2023-2024 ACADEMIC YEAR MINDFULNESS IN THE CLASSROOMGROW BREATHING Program 9 Sessions of 50'. Aimed at primary school students. Main aspects: attention, emotions and kindness. Programa \"LOS MAESTROS TAMBI\u00c9N MEDITAN\" 4 sessions of 1.5h. Directed to teachers. Main aspects: Mindfulness, perception, emotions, communication. EQUALITY WORKSHOPS Cooking values. Equality in social networks.. The leader...","protected":false},"author":1,"featured_media":0,"parent":0,"menu_order":0,"comment_status":"closed","ping_status":"closed","template":"","meta":{"_acf_changed":false,"inline_featured_image":false,"_glsr_average":0,"_glsr_ranking":0,"_glsr_reviews":0,"footnotes":""},"class_list":["post-12327","page","type-page","status-publish","hentry"],"acf":[],"yoast_head":"<!-- This site is optimized with the Yoast SEO plugin v27.2 - https:\/\/yoast.com\/product\/yoast-seo-wordpress\/ -->\n<title>Education - TuCan Feel<\/title>\n<meta name=\"description\" content=\"Programs for the academic year 2023 - 2024, consult all our courses, workshops and conferences aimed at students, parents and teachers.\" \/>\n<meta name=\"robots\" content=\"index, follow, max-snippet:-1, max-image-preview:large, max-video-preview:-1\" \/>\n<link rel=\"canonical\" href=\"https:\/\/tucanfeel.com\/en\/education\/\" \/>\n<meta property=\"og:locale\" content=\"en_US\" \/>\n<meta property=\"og:type\" content=\"article\" \/>\n<meta property=\"og:title\" content=\"Education - TuCan Feel\" \/>\n<meta property=\"og:description\" content=\"Programs for the academic year 2023 - 2024, consult all our courses, workshops and conferences aimed at students, parents and teachers.\" \/>\n<meta property=\"og:url\" content=\"https:\/\/tucanfeel.com\/en\/education\/\" \/>\n<meta property=\"og:site_name\" content=\"TuCan Feel\" \/>\n<meta property=\"article:modified_time\" content=\"2023-07-10T17:32:43+00:00\" \/>\n<meta property=\"og:image\" content=\"https:\/\/tucanfeel.com\/wp-content\/uploads\/2023\/07\/STOP-BULLYING.png\" \/>\n\t<meta property=\"og:image:width\" content=\"1920\" \/>\n\t<meta property=\"og:image:height\" content=\"1080\" \/>\n\t<meta property=\"og:image:type\" content=\"image\/png\" \/>\n<meta name=\"twitter:card\" content=\"summary_large_image\" \/>\n<meta name=\"twitter:label1\" content=\"Est. reading time\" \/>\n\t<meta name=\"twitter:data1\" content=\"5 minutes\" \/>\n<script type=\"application\/ld+json\" class=\"yoast-schema-graph\">{\"@context\":\"https:\/\/schema.org\",\"@graph\":[{\"@type\":\"WebPage\",\"@id\":\"https:\/\/tucanfeel.com\/en\/education\/\",\"url\":\"https:\/\/tucanfeel.com\/en\/education\/\",\"name\":\"Education - TuCan Feel\",\"isPartOf\":{\"@id\":\"https:\/\/tucanfeel.com\/en\/#website\"},\"datePublished\":\"2023-07-10T14:05:57+00:00\",\"dateModified\":\"2023-07-10T17:32:43+00:00\",\"description\":\"Programs for the academic year 2023 - 2024, consult all our courses, workshops and conferences aimed at students, parents and teachers.\",\"breadcrumb\":{\"@id\":\"https:\/\/tucanfeel.com\/en\/education\/#breadcrumb\"},\"inLanguage\":\"en-US\",\"potentialAction\":[{\"@type\":\"ReadAction\",\"target\":[\"https:\/\/tucanfeel.com\/en\/education\/\"]}]},{\"@type\":\"BreadcrumbList\",\"@id\":\"https:\/\/tucanfeel.com\/en\/education\/#breadcrumb\",\"itemListElement\":[{\"@type\":\"ListItem\",\"position\":1,\"name\":\"Portada\",\"item\":\"https:\/\/tucanfeel.com\/en\/home\/\"},{\"@type\":\"ListItem\",\"position\":2,\"name\":\"Education\"}]},{\"@type\":\"WebSite\",\"@id\":\"https:\/\/tucanfeel.com\/en\/#website\",\"url\":\"https:\/\/tucanfeel.com\/en\/\",\"name\":\"TuCan Feel\",\"description\":\"Consultor\u00eda y Formaci\u00f3n\",\"publisher\":{\"@id\":\"https:\/\/tucanfeel.com\/en\/#organization\"},\"potentialAction\":[{\"@type\":\"SearchAction\",\"target\":{\"@type\":\"EntryPoint\",\"urlTemplate\":\"https:\/\/tucanfeel.com\/en\/?s={search_term_string}\"},\"query-input\":{\"@type\":\"PropertyValueSpecification\",\"valueRequired\":true,\"valueName\":\"search_term_string\"}}],\"inLanguage\":\"en-US\"},{\"@type\":\"Organization\",\"@id\":\"https:\/\/tucanfeel.com\/en\/#organization\",\"name\":\"TuCan Feel\",\"url\":\"https:\/\/tucanfeel.com\/en\/\",\"logo\":{\"@type\":\"ImageObject\",\"inLanguage\":\"en-US\",\"@id\":\"https:\/\/tucanfeel.com\/en\/#\/schema\/logo\/image\/\",\"url\":\"https:\/\/tucanfeel.com\/wp-content\/uploads\/2018\/08\/logotipo-completo.svg\",\"contentUrl\":\"https:\/\/tucanfeel.com\/wp-content\/uploads\/2018\/08\/logotipo-completo.svg\",\"width\":360,\"height\":315,\"caption\":\"TuCan Feel\"},\"image\":{\"@id\":\"https:\/\/tucanfeel.com\/en\/#\/schema\/logo\/image\/\"}}]}<\/script>\n<!-- \/ Yoast SEO plugin. -->","yoast_head_json":{"title":"Education - TuCan Feel","description":"Programs for the academic year 2023 - 2024, consult all our courses, workshops and conferences aimed at students, parents and teachers.","robots":{"index":"index","follow":"follow","max-snippet":"max-snippet:-1","max-image-preview":"max-image-preview:large","max-video-preview":"max-video-preview:-1"},"canonical":"https:\/\/tucanfeel.com\/en\/education\/","og_locale":"en_US","og_type":"article","og_title":"Education - TuCan Feel","og_description":"Programs for the academic year 2023 - 2024, consult all our courses, workshops and conferences aimed at students, parents and teachers.","og_url":"https:\/\/tucanfeel.com\/en\/education\/","og_site_name":"TuCan Feel","article_modified_time":"2023-07-10T17:32:43+00:00","og_image":[{"width":1920,"height":1080,"url":"https:\/\/tucanfeel.com\/wp-content\/uploads\/2023\/07\/STOP-BULLYING.png","type":"image\/png"}],"twitter_card":"summary_large_image","twitter_misc":{"Est. reading time":"5 minutes"},"schema":{"@context":"https:\/\/schema.org","@graph":[{"@type":"WebPage","@id":"https:\/\/tucanfeel.com\/en\/education\/","url":"https:\/\/tucanfeel.com\/en\/education\/","name":"Education - TuCan Feel","isPartOf":{"@id":"https:\/\/tucanfeel.com\/en\/#website"},"datePublished":"2023-07-10T14:05:57+00:00","dateModified":"2023-07-10T17:32:43+00:00","description":"Programs for the academic year 2023 - 2024, consult all our courses, workshops and conferences aimed at students, parents and teachers.","breadcrumb":{"@id":"https:\/\/tucanfeel.com\/en\/education\/#breadcrumb"},"inLanguage":"en-US","potentialAction":[{"@type":"ReadAction","target":["https:\/\/tucanfeel.com\/en\/education\/"]}]},{"@type":"BreadcrumbList","@id":"https:\/\/tucanfeel.com\/en\/education\/#breadcrumb","itemListElement":[{"@type":"ListItem","position":1,"name":"Portada","item":"https:\/\/tucanfeel.com\/en\/home\/"},{"@type":"ListItem","position":2,"name":"Education"}]},{"@type":"WebSite","@id":"https:\/\/tucanfeel.com\/en\/#website","url":"https:\/\/tucanfeel.com\/en\/","name":"TuCan Feel","description":"Consultor\u00eda y Formaci\u00f3n","publisher":{"@id":"https:\/\/tucanfeel.com\/en\/#organization"},"potentialAction":[{"@type":"SearchAction","target":{"@type":"EntryPoint","urlTemplate":"https:\/\/tucanfeel.com\/en\/?s={search_term_string}"},"query-input":{"@type":"PropertyValueSpecification","valueRequired":true,"valueName":"search_term_string"}}],"inLanguage":"en-US"},{"@type":"Organization","@id":"https:\/\/tucanfeel.com\/en\/#organization","name":"TuCan Feel","url":"https:\/\/tucanfeel.com\/en\/","logo":{"@type":"ImageObject","inLanguage":"en-US","@id":"https:\/\/tucanfeel.com\/en\/#\/schema\/logo\/image\/","url":"https:\/\/tucanfeel.com\/wp-content\/uploads\/2018\/08\/logotipo-completo.svg","contentUrl":"https:\/\/tucanfeel.com\/wp-content\/uploads\/2018\/08\/logotipo-completo.svg","width":360,"height":315,"caption":"TuCan Feel"},"image":{"@id":"https:\/\/tucanfeel.com\/en\/#\/schema\/logo\/image\/"}}]}},"_links":{"self":[{"href":"https:\/\/tucanfeel.com\/en\/wp-json\/wp\/v2\/pages\/12327","targetHints":{"allow":["GET"]}}],"collection":[{"href":"https:\/\/tucanfeel.com\/en\/wp-json\/wp\/v2\/pages"}],"about":[{"href":"https:\/\/tucanfeel.com\/en\/wp-json\/wp\/v2\/types\/page"}],"author":[{"embeddable":true,"href":"https:\/\/tucanfeel.com\/en\/wp-json\/wp\/v2\/users\/1"}],"replies":[{"embeddable":true,"href":"https:\/\/tucanfeel.com\/en\/wp-json\/wp\/v2\/comments?post=12327"}],"version-history":[{"count":4,"href":"https:\/\/tucanfeel.com\/en\/wp-json\/wp\/v2\/pages\/12327\/revisions"}],"predecessor-version":[{"id":12331,"href":"https:\/\/tucanfeel.com\/en\/wp-json\/wp\/v2\/pages\/12327\/revisions\/12331"}],"wp:attachment":[{"href":"https:\/\/tucanfeel.com\/en\/wp-json\/wp\/v2\/media?parent=12327"}],"curies":[{"name":"wp","href":"https:\/\/api.w.org\/{rel}","templated":true}]}}